{"id":113,"date":"2023-06-14T16:55:50","date_gmt":"2023-06-14T19:55:50","guid":{"rendered":"http:\/\/evelinebrigido.com.br\/?page_id=113"},"modified":"2023-07-22T15:43:26","modified_gmt":"2023-07-22T18:43:26","slug":"contratos-internacionais","status":"publish","type":"page","link":"https:\/\/evelinebrigido.com.br\/index.php\/contratos-internacionais\/","title":{"rendered":"Contratos Internacionais"},"content":{"rendered":"\n<style type=\"text\/css\" data-created_by=\"avia_inline_auto\" id=\"style-css-av-liw4u0xm-1114b6d884445b4b1a30a593d766f47c\">\n.avia-section.av-liw4u0xm-1114b6d884445b4b1a30a593d766f47c{\nbackground-color:#f7f4ef;\nbackground-image:unset;\n}\n<\/style>\n<div id='av_section_1'  class='avia-section av-liw4u0xm-1114b6d884445b4b1a30a593d766f47c main_color avia-section-default avia-no-border-styling  avia-builder-el-0  el_before_av_section  avia-builder-el-first  avia-bg-style-scroll container_wrap fullsize'  ><div class='container av-section-cont-open' ><main  role=\"main\" itemprop=\"mainContentOfPage\"  class='template-page content  av-content-full alpha units'><div class='post-entry post-entry-type-page post-entry-113'><div class='entry-content-wrapper clearfix'>\n\n<style type=\"text\/css\" data-created_by=\"avia_inline_auto\" id=\"style-css-av-liw4urpk-64c2e39c3fb69cbc7f09b3ab825381f3\">\n#top .av-special-heading.av-liw4urpk-64c2e39c3fb69cbc7f09b3ab825381f3{\npadding-bottom:10px;\nfont-size:30px;\n}\nbody .av-special-heading.av-liw4urpk-64c2e39c3fb69cbc7f09b3ab825381f3 .av-special-heading-tag .heading-char{\nfont-size:25px;\n}\n#top #wrap_all .av-special-heading.av-liw4urpk-64c2e39c3fb69cbc7f09b3ab825381f3 .av-special-heading-tag{\nfont-size:30px;\n}\n.av-special-heading.av-liw4urpk-64c2e39c3fb69cbc7f09b3ab825381f3 .av-subheading{\nfont-size:15px;\n}\n\n@media only screen and (min-width: 480px) and (max-width: 767px){ \n#top #wrap_all .av-special-heading.av-liw4urpk-64c2e39c3fb69cbc7f09b3ab825381f3 .av-special-heading-tag{\nfont-size:0.8em;\n}\n}\n\n@media only screen and (max-width: 479px){ \n#top #wrap_all .av-special-heading.av-liw4urpk-64c2e39c3fb69cbc7f09b3ab825381f3 .av-special-heading-tag{\nfont-size:0.8em;\n}\n}\n<\/style>\n<div  class='av-special-heading av-liw4urpk-64c2e39c3fb69cbc7f09b3ab825381f3 av-special-heading-h3 blockquote modern-quote  avia-builder-el-1  el_before_av_textblock  avia-builder-el-first  av-inherit-size'><h3 class='av-special-heading-tag'  itemprop=\"headline\"  >Contratos Internacionais<\/h3><div class=\"special-heading-border\"><div class=\"special-heading-inner-border\"><\/div><\/div><\/div>\n\n<style type=\"text\/css\" data-created_by=\"avia_inline_auto\" id=\"style-css-av-liw4vudz-68cdb52792c89e874379679a4ab19a50\">\n#top .av_textblock_section.av-liw4vudz-68cdb52792c89e874379679a4ab19a50 .avia_textblock{\nfont-size:20px;\ntext-align:justify;\n}\n<\/style>\n<section  class='av_textblock_section av-liw4vudz-68cdb52792c89e874379679a4ab19a50'  itemscope=\"itemscope\" itemtype=\"https:\/\/schema.org\/CreativeWork\" ><div class='avia_textblock'  itemprop=\"text\" ><p>No campo de contratos internacionais, nosso escrit\u00f3rio presta consultoria jur\u00eddica para empresas que desejam negociar contratos com parceiros internacionais. Estamos capacitados para orientar nossos clientes com rela\u00e7\u00e3o aos requisitos legais para a elabora\u00e7\u00e3o de contratos internacionais, assegurando uma negocia\u00e7\u00e3o justa e transparente.<\/p>\n<\/div><\/section>\n<\/div><\/div><\/main><!-- close content main element --><\/div><\/div>\n<style type=\"text\/css\" data-created_by=\"avia_inline_auto\" id=\"style-css-av-liw4tnmi-dd1a5aa20ff5057c092b2ea4a2a4450d\">\n.avia-section.av-liw4tnmi-dd1a5aa20ff5057c092b2ea4a2a4450d{\nbackground-repeat:no-repeat;\nbackground-image:url(https:\/\/evelinebrigido.com.br\/wp-content\/uploads\/2023\/06\/Contract.jpg);\nbackground-position:50% 50%;\nbackground-attachment:scroll;\n}\n<\/style>\n<div id='av_section_2'  class='avia-section av-liw4tnmi-dd1a5aa20ff5057c092b2ea4a2a4450d main_color avia-section-default avia-no-border-styling  avia-builder-el-3  el_after_av_section  avia-builder-el-last  avia-full-stretch avia-bg-style-scroll av-minimum-height av-minimum-height-50  container_wrap fullsize'  data-section-bg-repeat='stretch' data-av_minimum_height_pc='50'><div class='container av-section-cont-open' ><div class='template-page content  av-content-full alpha units'><div class='post-entry post-entry-type-page post-entry-113'><div class='entry-content-wrapper clearfix'>\n\n<style type=\"text\/css\" data-created_by=\"avia_inline_auto\" id=\"style-css-av-liw4s1bv-f7fa9e33949efd489946b7e34f838511\">\n#top .hr.hr-invisible.av-liw4s1bv-f7fa9e33949efd489946b7e34f838511{\nheight:800px;\n}\n<\/style>\n<div  class='hr av-liw4s1bv-f7fa9e33949efd489946b7e34f838511 hr-invisible  avia-builder-el-4  avia-builder-el-no-sibling '><span class='hr-inner '><span class=\"hr-inner-style\"><\/span><\/span><\/div>\n<\/p>\n","protected":false},"excerpt":{"rendered":"","protected":false},"author":1,"featured_media":0,"parent":0,"menu_order":0,"comment_status":"closed","ping_status":"closed","template":"","meta":{"footnotes":""},"class_list":["post-113","page","type-page","status-publish","hentry"],"_links":{"self":[{"href":"https:\/\/evelinebrigido.com.br\/index.php\/wp-json\/wp\/v2\/pages\/113","targetHints":{"allow":["GET"]}}],"collection":[{"href":"https:\/\/evelinebrigido.com.br\/index.php\/wp-json\/wp\/v2\/pages"}],"about":[{"href":"https:\/\/evelinebrigido.com.br\/index.php\/wp-json\/wp\/v2\/types\/page"}],"author":[{"embeddable":true,"href":"https:\/\/evelinebrigido.com.br\/index.php\/wp-json\/wp\/v2\/users\/1"}],"replies":[{"embeddable":true,"href":"https:\/\/evelinebrigido.com.br\/index.php\/wp-json\/wp\/v2\/comments?post=113"}],"version-history":[{"count":5,"href":"https:\/\/evelinebrigido.com.br\/index.php\/wp-json\/wp\/v2\/pages\/113\/revisions"}],"predecessor-version":[{"id":154,"href":"https:\/\/evelinebrigido.com.br\/index.php\/wp-json\/wp\/v2\/pages\/113\/revisions\/154"}],"wp:attachment":[{"href":"https:\/\/evelinebrigido.com.br\/index.php\/wp-json\/wp\/v2\/media?parent=113"}],"curies":[{"name":"wp","href":"https:\/\/api.w.org\/{rel}","templated":true}]}}