{"id":119,"date":"2023-06-14T17:00:00","date_gmt":"2023-06-14T20:00:00","guid":{"rendered":"http:\/\/evelinebrigido.com.br\/?page_id=119"},"modified":"2023-07-22T15:43:35","modified_gmt":"2023-07-22T18:43:35","slug":"planejamento-patrimonial","status":"publish","type":"page","link":"https:\/\/evelinebrigido.com.br\/index.php\/planejamento-patrimonial\/","title":{"rendered":"Planejamento Patrimonial"},"content":{"rendered":"\n<style type=\"text\/css\" data-created_by=\"avia_inline_auto\" id=\"style-css-av-bhjfr-113bf20a19006f5f434483710324ef8d\">\n.avia-section.av-bhjfr-113bf20a19006f5f434483710324ef8d{\nbackground-color:#d9d9d7;\nbackground-image:unset;\n}\n<\/style>\n<div id='av_section_1'  class='avia-section av-bhjfr-113bf20a19006f5f434483710324ef8d main_color avia-section-default avia-no-border-styling  avia-builder-el-0  el_before_av_section  avia-builder-el-first  avia-bg-style-scroll container_wrap fullsize'  ><div class='container av-section-cont-open' ><main  role=\"main\" itemprop=\"mainContentOfPage\"  class='template-page content  av-content-full alpha units'><div class='post-entry post-entry-type-page post-entry-119'><div class='entry-content-wrapper clearfix'>\n\n<style type=\"text\/css\" data-created_by=\"avia_inline_auto\" id=\"style-css-av-liw4zohq-8a65c13d235a2a31afb0977557eb9fe5\">\n#top .av-special-heading.av-liw4zohq-8a65c13d235a2a31afb0977557eb9fe5{\npadding-bottom:10px;\nfont-size:30px;\n}\nbody .av-special-heading.av-liw4zohq-8a65c13d235a2a31afb0977557eb9fe5 .av-special-heading-tag .heading-char{\nfont-size:25px;\n}\n#top #wrap_all .av-special-heading.av-liw4zohq-8a65c13d235a2a31afb0977557eb9fe5 .av-special-heading-tag{\nfont-size:30px;\n}\n.av-special-heading.av-liw4zohq-8a65c13d235a2a31afb0977557eb9fe5 .av-subheading{\nfont-size:15px;\n}\n\n@media only screen and (min-width: 480px) and (max-width: 767px){ \n#top #wrap_all .av-special-heading.av-liw4zohq-8a65c13d235a2a31afb0977557eb9fe5 .av-special-heading-tag{\nfont-size:0.8em;\n}\n}\n\n@media only screen and (max-width: 479px){ \n#top #wrap_all .av-special-heading.av-liw4zohq-8a65c13d235a2a31afb0977557eb9fe5 .av-special-heading-tag{\nfont-size:0.8em;\n}\n}\n<\/style>\n<div  class='av-special-heading av-liw4zohq-8a65c13d235a2a31afb0977557eb9fe5 av-special-heading-h3 blockquote modern-quote  avia-builder-el-1  el_before_av_textblock  avia-builder-el-first  av-inherit-size'><h3 class='av-special-heading-tag'  itemprop=\"headline\"  >Planejamento e Prote\u00e7\u00e3o Patrimonial Internacional<\/h3><div class=\"special-heading-border\"><div class=\"special-heading-inner-border\"><\/div><\/div><\/div>\n\n<style type=\"text\/css\" data-created_by=\"avia_inline_auto\" id=\"style-css-av-liw4yzz9-bbae642d4ddba49bc81f27e8ad7ec321\">\n#top .av_textblock_section.av-liw4yzz9-bbae642d4ddba49bc81f27e8ad7ec321 .avia_textblock{\nfont-size:20px;\ntext-align:justify;\n}\n<\/style>\n<section  class='av_textblock_section av-liw4yzz9-bbae642d4ddba49bc81f27e8ad7ec321'  itemscope=\"itemscope\" itemtype=\"https:\/\/schema.org\/CreativeWork\" ><div class='avia_textblock'  itemprop=\"text\" ><p>J\u00e1 na \u00e1rea de Planejamento e Prote\u00e7\u00e3o Patrimonial Internacional, nosso escrit\u00f3rio auxilia empresas e pessoas f\u00edsicas a proteger seus patrim\u00f4nios e ativos em diferentes pa\u00edses, garantindo que suas opera\u00e7\u00f5es estejam em conformidade com as leis locais. Prestamos servi\u00e7os de planejamento sucess\u00f3rio internacional, por meio de estruturas internacionais como Trusts, Funda\u00e7\u00f5es e Empresas Offshores.<\/p>\n<\/div><\/section>\n<\/div><\/div><\/main><!-- close content main element --><\/div><\/div>\n<style type=\"text\/css\" data-created_by=\"avia_inline_auto\" id=\"style-css-av-liw59j54-83f5d06507e39785bd2d0f3de5dae962\">\n.avia-section.av-liw59j54-83f5d06507e39785bd2d0f3de5dae962{\nbackground-repeat:no-repeat;\nbackground-image:url(https:\/\/evelinebrigido.com.br\/wp-content\/uploads\/2023\/06\/patrimonio-1.jpg);\nbackground-position:50% 50%;\nbackground-attachment:scroll;\n}\n<\/style>\n<div id='av_section_2'  class='avia-section av-liw59j54-83f5d06507e39785bd2d0f3de5dae962 main_color avia-section-default avia-no-border-styling  avia-builder-el-3  el_after_av_section  avia-builder-el-last  avia-full-stretch avia-bg-style-scroll av-minimum-height av-minimum-height-50  container_wrap fullsize'  data-section-bg-repeat='stretch' data-av_minimum_height_pc='50'><div class='container av-section-cont-open' ><div class='template-page content  av-content-full alpha units'><div class='post-entry post-entry-type-page post-entry-119'><div class='entry-content-wrapper clearfix'>\n\n<style type=\"text\/css\" data-created_by=\"avia_inline_auto\" id=\"style-css-av-liw59u6d-e6c2761dfba8a80a715b34561d838bf7\">\n#top .hr.hr-invisible.av-liw59u6d-e6c2761dfba8a80a715b34561d838bf7{\nheight:800px;\n}\n<\/style>\n<div  class='hr av-liw59u6d-e6c2761dfba8a80a715b34561d838bf7 hr-invisible  avia-builder-el-4  avia-builder-el-no-sibling '><span class='hr-inner '><span class=\"hr-inner-style\"><\/span><\/span><\/div>\n<\/p>\n","protected":false},"excerpt":{"rendered":"","protected":false},"author":1,"featured_media":0,"parent":0,"menu_order":0,"comment_status":"closed","ping_status":"closed","template":"","meta":{"footnotes":""},"class_list":["post-119","page","type-page","status-publish","hentry"],"_links":{"self":[{"href":"https:\/\/evelinebrigido.com.br\/index.php\/wp-json\/wp\/v2\/pages\/119","targetHints":{"allow":["GET"]}}],"collection":[{"href":"https:\/\/evelinebrigido.com.br\/index.php\/wp-json\/wp\/v2\/pages"}],"about":[{"href":"https:\/\/evelinebrigido.com.br\/index.php\/wp-json\/wp\/v2\/types\/page"}],"author":[{"embeddable":true,"href":"https:\/\/evelinebrigido.com.br\/index.php\/wp-json\/wp\/v2\/users\/1"}],"replies":[{"embeddable":true,"href":"https:\/\/evelinebrigido.com.br\/index.php\/wp-json\/wp\/v2\/comments?post=119"}],"version-history":[{"count":7,"href":"https:\/\/evelinebrigido.com.br\/index.php\/wp-json\/wp\/v2\/pages\/119\/revisions"}],"predecessor-version":[{"id":155,"href":"https:\/\/evelinebrigido.com.br\/index.php\/wp-json\/wp\/v2\/pages\/119\/revisions\/155"}],"wp:attachment":[{"href":"https:\/\/evelinebrigido.com.br\/index.php\/wp-json\/wp\/v2\/media?parent=119"}],"curies":[{"name":"wp","href":"https:\/\/api.w.org\/{rel}","templated":true}]}}