{"id":138,"date":"2023-06-14T17:47:07","date_gmt":"2023-06-14T20:47:07","guid":{"rendered":"http:\/\/evelinebrigido.com.br\/?page_id=138"},"modified":"2023-06-14T17:53:25","modified_gmt":"2023-06-14T20:53:25","slug":"quem-somos","status":"publish","type":"page","link":"https:\/\/evelinebrigido.com.br\/index.php\/quem-somos\/","title":{"rendered":"Quem Somos"},"content":{"rendered":"<div id='av_section_1'  class='avia-section av-7551u-2851641d05eb980485c73d797cc4198b main_color avia-section-default avia-no-border-styling  avia-builder-el-0  avia-builder-el-no-sibling  avia-bg-style-scroll container_wrap fullsize'  ><div class='container av-section-cont-open' ><main  role=\"main\" itemprop=\"mainContentOfPage\"  class='template-page content  av-content-full alpha units'><div class='post-entry post-entry-type-page post-entry-138'><div class='entry-content-wrapper clearfix'>\n<div class='flex_column av-dca8a-20d61a62f360ff8f3c2040877b39c997 av_two_third  avia-builder-el-1  el_before_av_one_third  avia-builder-el-first  first flex_column_div '     ><p>\n<style type=\"text\/css\" data-created_by=\"avia_inline_auto\" id=\"style-css-av-liw6n5hq-d1b54db664cafc033a0cd4d6a1a92bc6\">\n#top .av-special-heading.av-liw6n5hq-d1b54db664cafc033a0cd4d6a1a92bc6{\npadding-bottom:10px;\nfont-size:30px;\n}\nbody .av-special-heading.av-liw6n5hq-d1b54db664cafc033a0cd4d6a1a92bc6 .av-special-heading-tag .heading-char{\nfont-size:25px;\n}\n#top #wrap_all .av-special-heading.av-liw6n5hq-d1b54db664cafc033a0cd4d6a1a92bc6 .av-special-heading-tag{\nfont-size:30px;\n}\n.av-special-heading.av-liw6n5hq-d1b54db664cafc033a0cd4d6a1a92bc6 .av-subheading{\nfont-size:15px;\n}\n\n@media only screen and (min-width: 480px) and (max-width: 767px){ \n#top #wrap_all .av-special-heading.av-liw6n5hq-d1b54db664cafc033a0cd4d6a1a92bc6 .av-special-heading-tag{\nfont-size:0.8em;\n}\n}\n\n@media only screen and (max-width: 479px){ \n#top #wrap_all .av-special-heading.av-liw6n5hq-d1b54db664cafc033a0cd4d6a1a92bc6 .av-special-heading-tag{\nfont-size:0.8em;\n}\n}\n<\/style>\n<div  class='av-special-heading av-liw6n5hq-d1b54db664cafc033a0cd4d6a1a92bc6 av-special-heading-h3 blockquote modern-quote  avia-builder-el-2  el_before_av_textblock  avia-builder-el-first  av-inherit-size'><h3 class='av-special-heading-tag'  itemprop=\"headline\"  >Quem somos<\/h3><div class=\"special-heading-border\"><div class=\"special-heading-inner-border\"><\/div><\/div><\/div><br \/>\n\n<style type=\"text\/css\" data-created_by=\"avia_inline_auto\" id=\"style-css-av-liw6njpi-eb86d8779c8ced1958c953e904dd45f0\">\n#top .av_textblock_section.av-liw6njpi-eb86d8779c8ced1958c953e904dd45f0 .avia_textblock{\nfont-size:20px;\ntext-align:justify;\n}\n<\/style>\n<section  class='av_textblock_section av-liw6njpi-eb86d8779c8ced1958c953e904dd45f0'  itemscope=\"itemscope\" itemtype=\"https:\/\/schema.org\/CreativeWork\" ><div class='avia_textblock'  itemprop=\"text\" ><p>Eveline Brigido \u00e9 advogada, Inscrita na Ordem dos Advogados do Brasil, se\u00e7\u00e3o<br \/>\ndo Rio Grande do Sul sob n\u00ba 80.848, e professora de Direito Internacional.<br \/>\nGraduada em Direito pela Universidade do Extremo Sul Catarinense em 2001 e<br \/>\nespecialista em Direito P\u00fablico pelo IMED. \u00c9 mestre em Direito Internacional pela<br \/>\nUniversidade Federal de Santa Catarina (2005) e Doutora em Pol\u00edtica<br \/>\nInternacional pela Universidade Federal do Rio Grande do Sul (2010).<\/p>\n<p>Iniciou a carreira docente em 2004, tendo lecionado diversas disciplinas na \u00e1rea<br \/>\ninternacional como: Direito Internacional P\u00fablico, Direito Internacional Privado,<br \/>\nDireito do Com\u00e9rcio Internacional, Organiza\u00e7\u00f5es Internacionais, Conflitos<br \/>\nInternacionais e Direito Comunit\u00e1rio Europeu.<\/p>\n<p>\u00c9 autora do livro \u201cGarantias Mobili\u00e1rias: a Lei Modelo Interamericana e o<br \/>\nOrdenamento Jur\u00eddico Brasileiro. Como pesquisadora acad\u00eamica, publicou<br \/>\ntamb\u00e9m cap\u00edtulos em livros nacionais e internacionais e diversos artigos<br \/>\ncient\u00edficos publicados em revistas Qualis A e B.<\/p>\n<p>Possui experi\u00eancia na \u00e1rea de Com\u00e9rcio Internacional, Propriedade Intelectual,<br \/>\nContratos Internacionais, Migra\u00e7\u00f5es Internacionais e Prote\u00e7\u00e3o Patrimonial. Com<br \/>\nvasto conhecimento sobre a legisla\u00e7\u00e3o internacional, ajuda seus clientes a<br \/>\ngarantir que suas transa\u00e7\u00f5es comerciais estejam em conformidade com as<br \/>\nnormas e padr\u00f5es internacionais.<\/p>\n<\/div><\/section><\/p><\/div><div class='flex_column av-8anne-91df5a58479b959345e86bb1093330e5 av_one_third  avia-builder-el-4  el_after_av_two_third  avia-builder-el-last  flex_column_div '     ><\/div>\n","protected":false},"excerpt":{"rendered":"","protected":false},"author":1,"featured_media":0,"parent":0,"menu_order":0,"comment_status":"closed","ping_status":"closed","template":"","meta":{"footnotes":""},"class_list":["post-138","page","type-page","status-publish","hentry"],"_links":{"self":[{"href":"https:\/\/evelinebrigido.com.br\/index.php\/wp-json\/wp\/v2\/pages\/138","targetHints":{"allow":["GET"]}}],"collection":[{"href":"https:\/\/evelinebrigido.com.br\/index.php\/wp-json\/wp\/v2\/pages"}],"about":[{"href":"https:\/\/evelinebrigido.com.br\/index.php\/wp-json\/wp\/v2\/types\/page"}],"author":[{"embeddable":true,"href":"https:\/\/evelinebrigido.com.br\/index.php\/wp-json\/wp\/v2\/users\/1"}],"replies":[{"embeddable":true,"href":"https:\/\/evelinebrigido.com.br\/index.php\/wp-json\/wp\/v2\/comments?post=138"}],"version-history":[{"count":6,"href":"https:\/\/evelinebrigido.com.br\/index.php\/wp-json\/wp\/v2\/pages\/138\/revisions"}],"predecessor-version":[{"id":144,"href":"https:\/\/evelinebrigido.com.br\/index.php\/wp-json\/wp\/v2\/pages\/138\/revisions\/144"}],"wp:attachment":[{"href":"https:\/\/evelinebrigido.com.br\/index.php\/wp-json\/wp\/v2\/media?parent=138"}],"curies":[{"name":"wp","href":"https:\/\/api.w.org\/{rel}","templated":true}]}}