{"id":152,"date":"2023-07-22T15:42:53","date_gmt":"2023-07-22T18:42:53","guid":{"rendered":"https:\/\/evelinebrigido.com.br\/?page_id=152"},"modified":"2023-07-22T15:47:56","modified_gmt":"2023-07-22T18:47:56","slug":"brasileiros-no-exterior","status":"publish","type":"page","link":"https:\/\/evelinebrigido.com.br\/index.php\/brasileiros-no-exterior\/","title":{"rendered":"Brasileiros no Exterior"},"content":{"rendered":"\n<style type=\"text\/css\" data-created_by=\"avia_inline_auto\" id=\"style-css-av-liw4u0xm-1114b6d884445b4b1a30a593d766f47c\">\n.avia-section.av-liw4u0xm-1114b6d884445b4b1a30a593d766f47c{\nbackground-color:#f7f4ef;\nbackground-image:unset;\n}\n<\/style>\n<div id='av_section_1'  class='avia-section av-liw4u0xm-1114b6d884445b4b1a30a593d766f47c main_color avia-section-default avia-no-border-styling  avia-builder-el-0  el_before_av_section  avia-builder-el-first  avia-bg-style-scroll container_wrap fullsize'  ><div class='container av-section-cont-open' ><main  role=\"main\" itemprop=\"mainContentOfPage\"  class='template-page content  av-content-full alpha units'><div class='post-entry post-entry-type-page post-entry-152'><div class='entry-content-wrapper clearfix'>\n\n<style type=\"text\/css\" data-created_by=\"avia_inline_auto\" id=\"style-css-av-liw4urpk-b267fcc24a3a34ddbb651890d379a438\">\n#top .av-special-heading.av-liw4urpk-b267fcc24a3a34ddbb651890d379a438{\npadding-bottom:10px;\nfont-size:30px;\n}\nbody .av-special-heading.av-liw4urpk-b267fcc24a3a34ddbb651890d379a438 .av-special-heading-tag .heading-char{\nfont-size:25px;\n}\n#top #wrap_all .av-special-heading.av-liw4urpk-b267fcc24a3a34ddbb651890d379a438 .av-special-heading-tag{\nfont-size:30px;\n}\n.av-special-heading.av-liw4urpk-b267fcc24a3a34ddbb651890d379a438 .av-subheading{\nfont-size:15px;\n}\n\n@media only screen and (min-width: 480px) and (max-width: 767px){ \n#top #wrap_all .av-special-heading.av-liw4urpk-b267fcc24a3a34ddbb651890d379a438 .av-special-heading-tag{\nfont-size:0.8em;\n}\n}\n\n@media only screen and (max-width: 479px){ \n#top #wrap_all .av-special-heading.av-liw4urpk-b267fcc24a3a34ddbb651890d379a438 .av-special-heading-tag{\nfont-size:0.8em;\n}\n}\n<\/style>\n<div  class='av-special-heading av-liw4urpk-b267fcc24a3a34ddbb651890d379a438 av-special-heading-h3 blockquote modern-quote  avia-builder-el-1  el_before_av_textblock  avia-builder-el-first  av-inherit-size'><h3 class='av-special-heading-tag'  itemprop=\"headline\"  >Brasileiros no exterior<\/h3><div class=\"special-heading-border\"><div class=\"special-heading-inner-border\"><\/div><\/div><\/div>\n\n<style type=\"text\/css\" data-created_by=\"avia_inline_auto\" id=\"style-css-av-liw4vudz-68cdb52792c89e874379679a4ab19a50\">\n#top .av_textblock_section.av-liw4vudz-68cdb52792c89e874379679a4ab19a50 .avia_textblock{\nfont-size:20px;\ntext-align:justify;\n}\n<\/style>\n<section  class='av_textblock_section av-liw4vudz-68cdb52792c89e874379679a4ab19a50'  itemscope=\"itemscope\" itemtype=\"https:\/\/schema.org\/CreativeWork\" ><div class='avia_textblock'  itemprop=\"text\" ><p>Nosso escrit\u00f3rio auxilia pessoas que desejam migrar legalmente para outro pa\u00eds, seja para estudos, trabalho, investimento ou reuni\u00e3o familiar. Auxiliamos com as regulamenta\u00e7\u00f5es migrat\u00f3rias de diferentes pa\u00edses, analisando o perfil do cliente e as op\u00e7\u00f5es dispon\u00edveis, orientando sobre as melhores estrat\u00e9gias para obter o visto desejado.<\/p>\n<p>Tamb\u00e9m prestamos servi\u00e7os de orienta\u00e7\u00e3o jur\u00eddica acerca de quest\u00f5es familiares, como div\u00f3rcio, guarda de crian\u00e7as e pens\u00e3o aliment\u00edcia. Estamos aptos para lidar com as complexidades legais que envolvem as legisla\u00e7\u00f5es de diferentes pa\u00edses.<\/p>\n<\/div><\/section>\n\n<\/div><\/div><\/main><!-- close content main element --><\/div><\/div>\n<style type=\"text\/css\" data-created_by=\"avia_inline_auto\" id=\"style-css-av-liw4tnmi-f6bff10284b87365c9cb18e129267b7e\">\n.avia-section.av-liw4tnmi-f6bff10284b87365c9cb18e129267b7e{\nbackground-repeat:no-repeat;\nbackground-image:url(https:\/\/evelinebrigido.com.br\/wp-content\/uploads\/2023\/07\/Passaportes-brasileiros-750x375-1.jpg);\nbackground-position:50% 50%;\nbackground-attachment:scroll;\n}\n<\/style>\n<div id='av_section_2'  class='avia-section av-liw4tnmi-f6bff10284b87365c9cb18e129267b7e main_color avia-section-default avia-no-border-styling  avia-builder-el-3  el_after_av_section  avia-builder-el-last  avia-full-stretch avia-bg-style-scroll av-minimum-height av-minimum-height-50  container_wrap fullsize'  data-section-bg-repeat='stretch' data-av_minimum_height_pc='50'><div class='container av-section-cont-open' ><div class='template-page content  av-content-full alpha units'><div class='post-entry post-entry-type-page post-entry-152'><div class='entry-content-wrapper clearfix'>\n\n<style type=\"text\/css\" data-created_by=\"avia_inline_auto\" id=\"style-css-av-liw4s1bv-f7fa9e33949efd489946b7e34f838511\">\n#top .hr.hr-invisible.av-liw4s1bv-f7fa9e33949efd489946b7e34f838511{\nheight:800px;\n}\n<\/style>\n<div  class='hr av-liw4s1bv-f7fa9e33949efd489946b7e34f838511 hr-invisible  avia-builder-el-4  avia-builder-el-no-sibling '><span class='hr-inner '><span class=\"hr-inner-style\"><\/span><\/span><\/div>\n\n","protected":false},"excerpt":{"rendered":"","protected":false},"author":1,"featured_media":0,"parent":0,"menu_order":0,"comment_status":"closed","ping_status":"closed","template":"","meta":{"footnotes":""},"class_list":["post-152","page","type-page","status-publish","hentry"],"_links":{"self":[{"href":"https:\/\/evelinebrigido.com.br\/index.php\/wp-json\/wp\/v2\/pages\/152","targetHints":{"allow":["GET"]}}],"collection":[{"href":"https:\/\/evelinebrigido.com.br\/index.php\/wp-json\/wp\/v2\/pages"}],"about":[{"href":"https:\/\/evelinebrigido.com.br\/index.php\/wp-json\/wp\/v2\/types\/page"}],"author":[{"embeddable":true,"href":"https:\/\/evelinebrigido.com.br\/index.php\/wp-json\/wp\/v2\/users\/1"}],"replies":[{"embeddable":true,"href":"https:\/\/evelinebrigido.com.br\/index.php\/wp-json\/wp\/v2\/comments?post=152"}],"version-history":[{"count":2,"href":"https:\/\/evelinebrigido.com.br\/index.php\/wp-json\/wp\/v2\/pages\/152\/revisions"}],"predecessor-version":[{"id":169,"href":"https:\/\/evelinebrigido.com.br\/index.php\/wp-json\/wp\/v2\/pages\/152\/revisions\/169"}],"wp:attachment":[{"href":"https:\/\/evelinebrigido.com.br\/index.php\/wp-json\/wp\/v2\/media?parent=152"}],"curies":[{"name":"wp","href":"https:\/\/api.w.org\/{rel}","templated":true}]}}