{"id":160,"date":"2023-07-22T15:44:36","date_gmt":"2023-07-22T18:44:36","guid":{"rendered":"https:\/\/evelinebrigido.com.br\/?page_id=160"},"modified":"2023-07-22T15:44:37","modified_gmt":"2023-07-22T18:44:37","slug":"planejamento-sucessorio","status":"publish","type":"page","link":"https:\/\/evelinebrigido.com.br\/index.php\/planejamento-sucessorio\/","title":{"rendered":"Planejamento Sucess\u00f3rio"},"content":{"rendered":"\n<style type=\"text\/css\" data-created_by=\"avia_inline_auto\" id=\"style-css-av-bhjfr-113bf20a19006f5f434483710324ef8d\">\n.avia-section.av-bhjfr-113bf20a19006f5f434483710324ef8d{\nbackground-color:#d9d9d7;\nbackground-image:unset;\n}\n<\/style>\n<div id='av_section_1'  class='avia-section av-bhjfr-113bf20a19006f5f434483710324ef8d main_color avia-section-default avia-no-border-styling  avia-builder-el-0  el_before_av_section  avia-builder-el-first  avia-bg-style-scroll container_wrap fullsize'  ><div class='container av-section-cont-open' ><main  role=\"main\" itemprop=\"mainContentOfPage\"  class='template-page content  av-content-full alpha units'><div class='post-entry post-entry-type-page post-entry-160'><div class='entry-content-wrapper clearfix'>\n\n<style type=\"text\/css\" data-created_by=\"avia_inline_auto\" id=\"style-css-av-liw4zohq-8a65c13d235a2a31afb0977557eb9fe5\">\n#top .av-special-heading.av-liw4zohq-8a65c13d235a2a31afb0977557eb9fe5{\npadding-bottom:10px;\nfont-size:30px;\n}\nbody .av-special-heading.av-liw4zohq-8a65c13d235a2a31afb0977557eb9fe5 .av-special-heading-tag .heading-char{\nfont-size:25px;\n}\n#top #wrap_all .av-special-heading.av-liw4zohq-8a65c13d235a2a31afb0977557eb9fe5 .av-special-heading-tag{\nfont-size:30px;\n}\n.av-special-heading.av-liw4zohq-8a65c13d235a2a31afb0977557eb9fe5 .av-subheading{\nfont-size:15px;\n}\n\n@media only screen and (min-width: 480px) and (max-width: 767px){ \n#top #wrap_all .av-special-heading.av-liw4zohq-8a65c13d235a2a31afb0977557eb9fe5 .av-special-heading-tag{\nfont-size:0.8em;\n}\n}\n\n@media only screen and (max-width: 479px){ \n#top #wrap_all .av-special-heading.av-liw4zohq-8a65c13d235a2a31afb0977557eb9fe5 .av-special-heading-tag{\nfont-size:0.8em;\n}\n}\n<\/style>\n<div  class='av-special-heading av-liw4zohq-8a65c13d235a2a31afb0977557eb9fe5 av-special-heading-h3 blockquote modern-quote  avia-builder-el-1  el_before_av_textblock  avia-builder-el-first  av-inherit-size'><h3 class='av-special-heading-tag'  itemprop=\"headline\"  >Planejamento e Prote\u00e7\u00e3o Patrimonial Internacional<\/h3><div class=\"special-heading-border\"><div class=\"special-heading-inner-border\"><\/div><\/div><\/div>\n\n<style type=\"text\/css\" data-created_by=\"avia_inline_auto\" id=\"style-css-av-liw4yzz9-bbae642d4ddba49bc81f27e8ad7ec321\">\n#top .av_textblock_section.av-liw4yzz9-bbae642d4ddba49bc81f27e8ad7ec321 .avia_textblock{\nfont-size:20px;\ntext-align:justify;\n}\n<\/style>\n<section  class='av_textblock_section av-liw4yzz9-bbae642d4ddba49bc81f27e8ad7ec321'  itemscope=\"itemscope\" itemtype=\"https:\/\/schema.org\/CreativeWork\" ><div class='avia_textblock'  itemprop=\"text\" ><p>Nosso escrit\u00f3rio tamb\u00e9m auxilia pessoas f\u00edsicas e fam\u00edlias a realizarem planejamento sucess\u00f3rio. Sabemos que \u00e9 de extrema import\u00e2ncia garantir a seguran\u00e7a e tranquilidade dos clientes em rela\u00e7\u00e3o ao destino dos seu patrim\u00f4nio ap\u00f3s o seu falecimento.<\/p>\n<p>O planejamento sucess\u00f3rio abrange quest\u00f5es como a divis\u00e3o dos bens, nomea\u00e7\u00e3o de herdeiros, prote\u00e7\u00e3o do patrim\u00f4nio familiar, reda\u00e7\u00e3o de testamentos e defini\u00e7\u00e3o de invent\u00e1rios e partilhas.<\/p>\n<p>Dentre os servi\u00e7os oferecidos na \u00e1rea de planejamento sucess\u00f3rio, destacam-se a assessoria para a cria\u00e7\u00e3o de testamentos, a implementa\u00e7\u00e3o de holdings familiares, a realiza\u00e7\u00e3o de doa\u00e7\u00f5es em vida, a estrutura\u00e7\u00e3o de instrumentos de prote\u00e7\u00e3o patrimonial, entre outros.<\/p>\n<\/div><\/section>\n<\/div><\/div><\/main><!-- close content main element --><\/div><\/div>\n<style type=\"text\/css\" data-created_by=\"avia_inline_auto\" id=\"style-css-av-liw59j54-83f5d06507e39785bd2d0f3de5dae962\">\n.avia-section.av-liw59j54-83f5d06507e39785bd2d0f3de5dae962{\nbackground-repeat:no-repeat;\nbackground-image:url(https:\/\/evelinebrigido.com.br\/wp-content\/uploads\/2023\/06\/patrimonio-1.jpg);\nbackground-position:50% 50%;\nbackground-attachment:scroll;\n}\n<\/style>\n<div id='av_section_2'  class='avia-section av-liw59j54-83f5d06507e39785bd2d0f3de5dae962 main_color avia-section-default avia-no-border-styling  avia-builder-el-3  el_after_av_section  avia-builder-el-last  avia-full-stretch avia-bg-style-scroll av-minimum-height av-minimum-height-50  container_wrap fullsize'  data-section-bg-repeat='stretch' data-av_minimum_height_pc='50'><div class='container av-section-cont-open' ><div class='template-page content  av-content-full alpha units'><div class='post-entry post-entry-type-page post-entry-160'><div class='entry-content-wrapper clearfix'>\n\n<style type=\"text\/css\" data-created_by=\"avia_inline_auto\" id=\"style-css-av-liw59u6d-e6c2761dfba8a80a715b34561d838bf7\">\n#top .hr.hr-invisible.av-liw59u6d-e6c2761dfba8a80a715b34561d838bf7{\nheight:800px;\n}\n<\/style>\n<div  class='hr av-liw59u6d-e6c2761dfba8a80a715b34561d838bf7 hr-invisible  avia-builder-el-4  avia-builder-el-no-sibling '><span class='hr-inner '><span class=\"hr-inner-style\"><\/span><\/span><\/div>\n<\/p>\n","protected":false},"excerpt":{"rendered":"","protected":false},"author":1,"featured_media":0,"parent":0,"menu_order":0,"comment_status":"closed","ping_status":"closed","template":"","meta":{"footnotes":""},"class_list":["post-160","page","type-page","status-publish","hentry"],"_links":{"self":[{"href":"https:\/\/evelinebrigido.com.br\/index.php\/wp-json\/wp\/v2\/pages\/160","targetHints":{"allow":["GET"]}}],"collection":[{"href":"https:\/\/evelinebrigido.com.br\/index.php\/wp-json\/wp\/v2\/pages"}],"about":[{"href":"https:\/\/evelinebrigido.com.br\/index.php\/wp-json\/wp\/v2\/types\/page"}],"author":[{"embeddable":true,"href":"https:\/\/evelinebrigido.com.br\/index.php\/wp-json\/wp\/v2\/users\/1"}],"replies":[{"embeddable":true,"href":"https:\/\/evelinebrigido.com.br\/index.php\/wp-json\/wp\/v2\/comments?post=160"}],"version-history":[{"count":1,"href":"https:\/\/evelinebrigido.com.br\/index.php\/wp-json\/wp\/v2\/pages\/160\/revisions"}],"predecessor-version":[{"id":162,"href":"https:\/\/evelinebrigido.com.br\/index.php\/wp-json\/wp\/v2\/pages\/160\/revisions\/162"}],"wp:attachment":[{"href":"https:\/\/evelinebrigido.com.br\/index.php\/wp-json\/wp\/v2\/media?parent=160"}],"curies":[{"name":"wp","href":"https:\/\/api.w.org\/{rel}","templated":true}]}}