{"id":96,"date":"2023-06-14T16:31:00","date_gmt":"2023-06-14T19:31:00","guid":{"rendered":"http:\/\/evelinebrigido.com.br\/?page_id=96"},"modified":"2023-07-22T15:46:16","modified_gmt":"2023-07-22T18:46:16","slug":"comercio-internacional","status":"publish","type":"page","link":"https:\/\/evelinebrigido.com.br\/index.php\/comercio-internacional\/","title":{"rendered":"Com\u00e9rcio Internacional"},"content":{"rendered":"\n<style type=\"text\/css\" data-created_by=\"avia_inline_auto\" id=\"style-css-av-1nybw-38e31c268443f799a0584f1e2db93f1f\">\n.avia-section.av-1nybw-38e31c268443f799a0584f1e2db93f1f{\nbackground-color:#e3e2e7;\nbackground-image:unset;\n}\n<\/style>\n<div id='av_section_1'  class='avia-section av-1nybw-38e31c268443f799a0584f1e2db93f1f main_color avia-section-default avia-no-border-styling  avia-builder-el-0  el_before_av_section  avia-builder-el-first  avia-bg-style-scroll container_wrap fullsize'  ><div class='container av-section-cont-open' ><main  role=\"main\" itemprop=\"mainContentOfPage\"  class='template-page content  av-content-full alpha units'><div class='post-entry post-entry-type-page post-entry-96'><div class='entry-content-wrapper clearfix'>\n<div class='flex_column av-tmcs-8427ae1b50c5d17c9a444be8582bb481 av_one_full  avia-builder-el-1  avia-builder-el-no-sibling  first flex_column_div '     ><p>\n<style type=\"text\/css\" data-created_by=\"avia_inline_auto\" id=\"style-css-av-liw4mtpc-c36c7f5747cc787786863b6778f75e20\">\n#top .av-special-heading.av-liw4mtpc-c36c7f5747cc787786863b6778f75e20{\npadding-bottom:10px;\nfont-size:30px;\n}\nbody .av-special-heading.av-liw4mtpc-c36c7f5747cc787786863b6778f75e20 .av-special-heading-tag .heading-char{\nfont-size:25px;\n}\n#top #wrap_all .av-special-heading.av-liw4mtpc-c36c7f5747cc787786863b6778f75e20 .av-special-heading-tag{\nfont-size:30px;\n}\n.av-special-heading.av-liw4mtpc-c36c7f5747cc787786863b6778f75e20 .av-subheading{\nfont-size:15px;\n}\n\n@media only screen and (min-width: 480px) and (max-width: 767px){ \n#top #wrap_all .av-special-heading.av-liw4mtpc-c36c7f5747cc787786863b6778f75e20 .av-special-heading-tag{\nfont-size:0.8em;\n}\n}\n\n@media only screen and (max-width: 479px){ \n#top #wrap_all .av-special-heading.av-liw4mtpc-c36c7f5747cc787786863b6778f75e20 .av-special-heading-tag{\nfont-size:0.8em;\n}\n}\n<\/style>\n<div  class='av-special-heading av-liw4mtpc-c36c7f5747cc787786863b6778f75e20 av-special-heading-h3 blockquote modern-quote  avia-builder-el-2  el_before_av_textblock  avia-builder-el-first  av-inherit-size'><h3 class='av-special-heading-tag'  itemprop=\"headline\"  >Com\u00e9rcio internacional<\/h3><div class=\"special-heading-border\"><div class=\"special-heading-inner-border\"><\/div><\/div><\/div><br \/>\n\n<style type=\"text\/css\" data-created_by=\"avia_inline_auto\" id=\"style-css-av-liw3xpw7-c33ba610ce569c84af56724c4b520790\">\n#top .av_textblock_section.av-liw3xpw7-c33ba610ce569c84af56724c4b520790 .avia_textblock{\nfont-size:20px;\ntext-align:justify;\n}\n<\/style>\n<section  class='av_textblock_section av-liw3xpw7-c33ba610ce569c84af56724c4b520790'  itemscope=\"itemscope\" itemtype=\"https:\/\/schema.org\/CreativeWork\" ><div class='avia_textblock'  itemprop=\"text\" ><p>Na \u00e1rea de Com\u00e9rcio internacional, prestamos servi\u00e7os de consultoria jur\u00eddica a empresas que desejam expandir seus neg\u00f3cios para outros pa\u00edses, oferecendo orienta\u00e7\u00f5es sobre as normas e regulamenta\u00e7\u00f5es internacionais que regem o com\u00e9rcio exterior.<\/p>\n<p>Auxiliamos tamb\u00e9m as empresas brasileiras que necessitam de apoio em processos de investiga\u00e7\u00e3o de Dumping, Subs\u00eddios e Salvaguardas no Brasil e no exterior.<\/p>\n<\/div><\/section><\/p><\/div><\/div><\/div><\/main><!-- close content main element --><\/div><\/div>\n<style type=\"text\/css\" data-created_by=\"avia_inline_auto\" id=\"style-css-av-pnas-53046650a8f78149cb4e4a790221f626\">\n.avia-section.av-pnas-53046650a8f78149cb4e4a790221f626{\nbackground-repeat:no-repeat;\nbackground-image:url(https:\/\/evelinebrigido.com.br\/wp-content\/uploads\/2023\/06\/map3.jpg);\nbackground-position:50% 50%;\nbackground-attachment:scroll;\n}\n<\/style>\n<div id='av_section_2'  class='avia-section av-pnas-53046650a8f78149cb4e4a790221f626 main_color avia-section-default avia-no-border-styling  avia-builder-el-4  el_after_av_section  avia-builder-el-last  avia-full-stretch avia-bg-style-scroll container_wrap fullsize'  data-section-bg-repeat='stretch'><div class='container av-section-cont-open' ><div class='template-page content  av-content-full alpha units'><div class='post-entry post-entry-type-page post-entry-96'><div class='entry-content-wrapper clearfix'>\n\n<style type=\"text\/css\" data-created_by=\"avia_inline_auto\" id=\"style-css-av-liw44rh7-ca22850ca9c10c3bb5e01dd42c22c92c\">\n#top .hr.hr-invisible.av-liw44rh7-ca22850ca9c10c3bb5e01dd42c22c92c{\nheight:800px;\n}\n<\/style>\n<div  class='hr av-liw44rh7-ca22850ca9c10c3bb5e01dd42c22c92c hr-invisible  avia-builder-el-5  avia-builder-el-no-sibling '><span class='hr-inner '><span class=\"hr-inner-style\"><\/span><\/span><\/div>\n<\/p>\n","protected":false},"excerpt":{"rendered":"","protected":false},"author":1,"featured_media":0,"parent":0,"menu_order":0,"comment_status":"closed","ping_status":"closed","template":"","meta":{"footnotes":""},"class_list":["post-96","page","type-page","status-publish","hentry"],"_links":{"self":[{"href":"https:\/\/evelinebrigido.com.br\/index.php\/wp-json\/wp\/v2\/pages\/96","targetHints":{"allow":["GET"]}}],"collection":[{"href":"https:\/\/evelinebrigido.com.br\/index.php\/wp-json\/wp\/v2\/pages"}],"about":[{"href":"https:\/\/evelinebrigido.com.br\/index.php\/wp-json\/wp\/v2\/types\/page"}],"author":[{"embeddable":true,"href":"https:\/\/evelinebrigido.com.br\/index.php\/wp-json\/wp\/v2\/users\/1"}],"replies":[{"embeddable":true,"href":"https:\/\/evelinebrigido.com.br\/index.php\/wp-json\/wp\/v2\/comments?post=96"}],"version-history":[{"count":12,"href":"https:\/\/evelinebrigido.com.br\/index.php\/wp-json\/wp\/v2\/pages\/96\/revisions"}],"predecessor-version":[{"id":167,"href":"https:\/\/evelinebrigido.com.br\/index.php\/wp-json\/wp\/v2\/pages\/96\/revisions\/167"}],"wp:attachment":[{"href":"https:\/\/evelinebrigido.com.br\/index.php\/wp-json\/wp\/v2\/media?parent=96"}],"curies":[{"name":"wp","href":"https:\/\/api.w.org\/{rel}","templated":true}]}}